{"id":5792,"date":"2019-12-17T15:48:27","date_gmt":"2019-12-17T14:48:27","guid":{"rendered":"https:\/\/preprod.castel.fr\/product\/decodeur-rs485-tr-haute-securite\/"},"modified":"2020-10-27T09:55:02","modified_gmt":"2020-10-27T08:55:02","slug":"decodeur-rs485-tr-haute-securite","status":"publish","type":"product","link":"https:\/\/preprod.castel.fr\/en\/product\/decodeur-rs485-tr-haute-securite\/","title":{"rendered":"D\u00e9codeur RS485 TR haute s\u00e9curit\u00e9"},"content":{"rendered":"<p class=\"p1\">&gt; Connects to RS485 transparent reader<\/p>\n<p class=\"p1\">&gt; Secured keys storage with AES 128-bit encryption<\/p>\n<p class=\"p1\">&gt; SAM software (same as CSPN certified reader)<\/p>\n<p class=\"p1\">&gt; Supports standard and specific diversification methods (AGENT, CIMS cards&#8230;)<\/p>\n<p class=\"p1\">&gt; External power supply 7 to 28 V<\/p>\n<p class=\"p1\">&gt; Compatible with LP26 TR and LP27 TR readers<\/p>\n<p class=\"p1\">&gt; H 93 mm x W 45 mm (PCB only)<\/p>\n<p class=\"p1\">H 97 mm x W49 mm x D 34 mm (PCB with mounting kit)<\/p>\n","protected":false},"featured_media":3359,"template":"","gamme_produit":[310,302],"class_list":["post-5792","product","type-product","status-publish","has-post-thumbnail","hentry","gamme_produit-high-security-readers","gamme_produit-ip-access-control-tertiary-industry"],"acf":{"photo_gallery":{"images_produits":[[]]}},"yoast_head":"<!-- This site is optimized with the Yoast SEO plugin v26.1.1 - https:\/\/yoast.com\/wordpress\/plugins\/seo\/ -->\n<title>D\u00e9codeur RS485 TR haute s\u00e9curit\u00e9 - Castel, communication &amp; security<\/title>\n<meta name=\"robots\" content=\"index, follow, max-snippet:-1, max-image-preview:large, max-video-preview:-1\" \/>\n<link rel=\"canonical\" href=\"https:\/\/preprod.castel.fr\/en\/product\/decodeur-rs485-tr-haute-securite\/\" \/>\n<meta property=\"og:locale\" content=\"en_US\" \/>\n<meta property=\"og:type\" content=\"article\" \/>\n<meta property=\"og:title\" content=\"D\u00e9codeur RS485 TR haute s\u00e9curit\u00e9 - Castel, communication &amp; security\" \/>\n<meta property=\"og:description\" content=\"&gt; Connects to RS485 transparent reader &gt; Secured keys storage with AES 128-bit encryption &gt; SAM software (same as CSPN certified reader) &gt; Supports standard and specific diversification methods (AGENT, CIMS cards&#8230;) &gt; External power supply 7 to 28 V &gt; Compatible with LP26 TR and LP27 TR readers &gt; H 93 mm x W [&hellip;]\" \/>\n<meta property=\"og:url\" content=\"https:\/\/preprod.castel.fr\/en\/product\/decodeur-rs485-tr-haute-securite\/\" \/>\n<meta property=\"og:site_name\" content=\"Castel, communication &amp; security\" \/>\n<meta property=\"article:modified_time\" content=\"2020-10-27T08:55:02+00:00\" \/>\n<meta property=\"og:image\" content=\"https:\/\/preprod.castel.fr\/wp-fi\/wp-content\/uploads\/2019\/12\/DECODEUR-RS485-TR.png\" \/>\n\t<meta property=\"og:image:width\" content=\"105\" \/>\n\t<meta property=\"og:image:height\" content=\"200\" \/>\n\t<meta property=\"og:image:type\" content=\"image\/png\" \/>\n<meta name=\"twitter:card\" content=\"summary_large_image\" \/>\n<script type=\"application\/ld+json\" class=\"yoast-schema-graph\">{\"@context\":\"https:\/\/schema.org\",\"@graph\":[{\"@type\":\"WebPage\",\"@id\":\"https:\/\/preprod.castel.fr\/en\/product\/decodeur-rs485-tr-haute-securite\/\",\"url\":\"https:\/\/preprod.castel.fr\/en\/product\/decodeur-rs485-tr-haute-securite\/\",\"name\":\"D\u00e9codeur RS485 TR haute s\u00e9curit\u00e9 - Castel, communication & security\",\"isPartOf\":{\"@id\":\"https:\/\/preprod.castel.fr\/en\/#website\"},\"primaryImageOfPage\":{\"@id\":\"https:\/\/preprod.castel.fr\/en\/product\/decodeur-rs485-tr-haute-securite\/#primaryimage\"},\"image\":{\"@id\":\"https:\/\/preprod.castel.fr\/en\/product\/decodeur-rs485-tr-haute-securite\/#primaryimage\"},\"thumbnailUrl\":\"https:\/\/preprod.castel.fr\/wp-fi\/wp-content\/uploads\/2019\/12\/DECODEUR-RS485-TR.png\",\"datePublished\":\"2019-12-17T14:48:27+00:00\",\"dateModified\":\"2020-10-27T08:55:02+00:00\",\"breadcrumb\":{\"@id\":\"https:\/\/preprod.castel.fr\/en\/product\/decodeur-rs485-tr-haute-securite\/#breadcrumb\"},\"inLanguage\":\"en-US\",\"potentialAction\":[{\"@type\":\"ReadAction\",\"target\":[\"https:\/\/preprod.castel.fr\/en\/product\/decodeur-rs485-tr-haute-securite\/\"]}]},{\"@type\":\"ImageObject\",\"inLanguage\":\"en-US\",\"@id\":\"https:\/\/preprod.castel.fr\/en\/product\/decodeur-rs485-tr-haute-securite\/#primaryimage\",\"url\":\"https:\/\/preprod.castel.fr\/wp-fi\/wp-content\/uploads\/2019\/12\/DECODEUR-RS485-TR.png\",\"contentUrl\":\"https:\/\/preprod.castel.fr\/wp-fi\/wp-content\/uploads\/2019\/12\/DECODEUR-RS485-TR.png\",\"width\":105,\"height\":200},{\"@type\":\"BreadcrumbList\",\"@id\":\"https:\/\/preprod.castel.fr\/en\/product\/decodeur-rs485-tr-haute-securite\/#breadcrumb\",\"itemListElement\":[{\"@type\":\"ListItem\",\"position\":1,\"name\":\"Accueil\",\"item\":\"https:\/\/preprod.castel.fr\/en\/\"},{\"@type\":\"ListItem\",\"position\":2,\"name\":\"D\u00e9codeur RS485 TR haute s\u00e9curit\u00e9\"}]},{\"@type\":\"WebSite\",\"@id\":\"https:\/\/preprod.castel.fr\/en\/#website\",\"url\":\"https:\/\/preprod.castel.fr\/en\/\",\"name\":\"Castel, communication & security\",\"description\":\"\",\"potentialAction\":[{\"@type\":\"SearchAction\",\"target\":{\"@type\":\"EntryPoint\",\"urlTemplate\":\"https:\/\/preprod.castel.fr\/en\/?s={search_term_string}\"},\"query-input\":{\"@type\":\"PropertyValueSpecification\",\"valueRequired\":true,\"valueName\":\"search_term_string\"}}],\"inLanguage\":\"en-US\"}]}<\/script>\n<!-- \/ Yoast SEO plugin. -->","yoast_head_json":{"title":"D\u00e9codeur RS485 TR haute s\u00e9curit\u00e9 - Castel, communication & security","robots":{"index":"index","follow":"follow","max-snippet":"max-snippet:-1","max-image-preview":"max-image-preview:large","max-video-preview":"max-video-preview:-1"},"canonical":"https:\/\/preprod.castel.fr\/en\/product\/decodeur-rs485-tr-haute-securite\/","og_locale":"en_US","og_type":"article","og_title":"D\u00e9codeur RS485 TR haute s\u00e9curit\u00e9 - Castel, communication & security","og_description":"&gt; Connects to RS485 transparent reader &gt; Secured keys storage with AES 128-bit encryption &gt; SAM software (same as CSPN certified reader) &gt; Supports standard and specific diversification methods (AGENT, CIMS cards&#8230;) &gt; External power supply 7 to 28 V &gt; Compatible with LP26 TR and LP27 TR readers &gt; H 93 mm x W [&hellip;]","og_url":"https:\/\/preprod.castel.fr\/en\/product\/decodeur-rs485-tr-haute-securite\/","og_site_name":"Castel, communication & security","article_modified_time":"2020-10-27T08:55:02+00:00","og_image":[{"width":105,"height":200,"url":"https:\/\/preprod.castel.fr\/wp-fi\/wp-content\/uploads\/2019\/12\/DECODEUR-RS485-TR.png","type":"image\/png"}],"twitter_card":"summary_large_image","schema":{"@context":"https:\/\/schema.org","@graph":[{"@type":"WebPage","@id":"https:\/\/preprod.castel.fr\/en\/product\/decodeur-rs485-tr-haute-securite\/","url":"https:\/\/preprod.castel.fr\/en\/product\/decodeur-rs485-tr-haute-securite\/","name":"D\u00e9codeur RS485 TR haute s\u00e9curit\u00e9 - Castel, communication & security","isPartOf":{"@id":"https:\/\/preprod.castel.fr\/en\/#website"},"primaryImageOfPage":{"@id":"https:\/\/preprod.castel.fr\/en\/product\/decodeur-rs485-tr-haute-securite\/#primaryimage"},"image":{"@id":"https:\/\/preprod.castel.fr\/en\/product\/decodeur-rs485-tr-haute-securite\/#primaryimage"},"thumbnailUrl":"https:\/\/preprod.castel.fr\/wp-fi\/wp-content\/uploads\/2019\/12\/DECODEUR-RS485-TR.png","datePublished":"2019-12-17T14:48:27+00:00","dateModified":"2020-10-27T08:55:02+00:00","breadcrumb":{"@id":"https:\/\/preprod.castel.fr\/en\/product\/decodeur-rs485-tr-haute-securite\/#breadcrumb"},"inLanguage":"en-US","potentialAction":[{"@type":"ReadAction","target":["https:\/\/preprod.castel.fr\/en\/product\/decodeur-rs485-tr-haute-securite\/"]}]},{"@type":"ImageObject","inLanguage":"en-US","@id":"https:\/\/preprod.castel.fr\/en\/product\/decodeur-rs485-tr-haute-securite\/#primaryimage","url":"https:\/\/preprod.castel.fr\/wp-fi\/wp-content\/uploads\/2019\/12\/DECODEUR-RS485-TR.png","contentUrl":"https:\/\/preprod.castel.fr\/wp-fi\/wp-content\/uploads\/2019\/12\/DECODEUR-RS485-TR.png","width":105,"height":200},{"@type":"BreadcrumbList","@id":"https:\/\/preprod.castel.fr\/en\/product\/decodeur-rs485-tr-haute-securite\/#breadcrumb","itemListElement":[{"@type":"ListItem","position":1,"name":"Accueil","item":"https:\/\/preprod.castel.fr\/en\/"},{"@type":"ListItem","position":2,"name":"D\u00e9codeur RS485 TR haute s\u00e9curit\u00e9"}]},{"@type":"WebSite","@id":"https:\/\/preprod.castel.fr\/en\/#website","url":"https:\/\/preprod.castel.fr\/en\/","name":"Castel, communication & security","description":"","potentialAction":[{"@type":"SearchAction","target":{"@type":"EntryPoint","urlTemplate":"https:\/\/preprod.castel.fr\/en\/?s={search_term_string}"},"query-input":{"@type":"PropertyValueSpecification","valueRequired":true,"valueName":"search_term_string"}}],"inLanguage":"en-US"}]}},"uagb_featured_image_src":{"full":["https:\/\/preprod.castel.fr\/wp-fi\/wp-content\/uploads\/2019\/12\/DECODEUR-RS485-TR.png",105,200,false],"thumbnail":["https:\/\/preprod.castel.fr\/wp-fi\/wp-content\/uploads\/2019\/12\/DECODEUR-RS485-TR-105x150.png",105,150,true],"medium":["https:\/\/preprod.castel.fr\/wp-fi\/wp-content\/uploads\/2019\/12\/DECODEUR-RS485-TR.png",105,200,false],"medium_large":["https:\/\/preprod.castel.fr\/wp-fi\/wp-content\/uploads\/2019\/12\/DECODEUR-RS485-TR.png",105,200,false],"large":["https:\/\/preprod.castel.fr\/wp-fi\/wp-content\/uploads\/2019\/12\/DECODEUR-RS485-TR.png",105,200,false],"1536x1536":["https:\/\/preprod.castel.fr\/wp-fi\/wp-content\/uploads\/2019\/12\/DECODEUR-RS485-TR.png",105,200,false],"2048x2048":["https:\/\/preprod.castel.fr\/wp-fi\/wp-content\/uploads\/2019\/12\/DECODEUR-RS485-TR.png",105,200,false],"home-news":["https:\/\/preprod.castel.fr\/wp-fi\/wp-content\/uploads\/2019\/12\/DECODEUR-RS485-TR-105x185.png",105,185,true],"secteur":["https:\/\/preprod.castel.fr\/wp-fi\/wp-content\/uploads\/2019\/12\/DECODEUR-RS485-TR.png",105,200,false],"entete":["https:\/\/preprod.castel.fr\/wp-fi\/wp-content\/uploads\/2019\/12\/DECODEUR-RS485-TR.png",105,200,false],"diaporama":["https:\/\/preprod.castel.fr\/wp-fi\/wp-content\/uploads\/2019\/12\/DECODEUR-RS485-TR.png",105,200,false],"ab-block-post-grid-landscape":["https:\/\/preprod.castel.fr\/wp-fi\/wp-content\/uploads\/2019\/12\/DECODEUR-RS485-TR.png",105,200,false],"ab-block-post-grid-square":["https:\/\/preprod.castel.fr\/wp-fi\/wp-content\/uploads\/2019\/12\/DECODEUR-RS485-TR.png",105,200,false],"wpcf7-post-image":["https:\/\/preprod.castel.fr\/wp-fi\/wp-content\/uploads\/2019\/12\/DECODEUR-RS485-TR.png",42,80,false]},"uagb_author_info":{"display_name":"admin_fi","author_link":"https:\/\/preprod.castel.fr\/en\/author\/"},"uagb_comment_info":0,"uagb_excerpt":"&gt; Connects to RS485 transparent reader &gt; Secured keys storage with AES 128-bit encryption &gt; SAM software (same as CSPN certified reader) &gt; Supports standard and specific diversification methods (AGENT, CIMS cards&#8230;) &gt; External power supply 7 to 28 V &gt; Compatible with LP26 TR and LP27 TR readers &gt; H 93 mm x W&hellip;","publishpress_future_action":{"enabled":false,"date":"2026-04-16 21:06:32","action":"change-status","newStatus":"draft","terms":[],"taxonomy":"gamme_produit","extraData":[]},"publishpress_future_workflow_manual_trigger":{"enabledWorkflows":[]},"_links":{"self":[{"href":"https:\/\/preprod.castel.fr\/en\/wp-json\/wp\/v2\/product\/5792","targetHints":{"allow":["GET"]}}],"collection":[{"href":"https:\/\/preprod.castel.fr\/en\/wp-json\/wp\/v2\/product"}],"about":[{"href":"https:\/\/preprod.castel.fr\/en\/wp-json\/wp\/v2\/types\/product"}],"wp:featuredmedia":[{"embeddable":true,"href":"https:\/\/preprod.castel.fr\/en\/wp-json\/wp\/v2\/media\/3359"}],"wp:attachment":[{"href":"https:\/\/preprod.castel.fr\/en\/wp-json\/wp\/v2\/media?parent=5792"}],"wp:term":[{"taxonomy":"gamme_produit","embeddable":true,"href":"https:\/\/preprod.castel.fr\/en\/wp-json\/wp\/v2\/gamme_produit?post=5792"}],"curies":[{"name":"wp","href":"https:\/\/api.w.org\/{rel}","templated":true}]}}